{"id":137,"date":"2011-03-28T18:08:34","date_gmt":"2011-03-28T18:08:34","guid":{"rendered":"http:\/\/www.computer-service-jochmann.de\/wordpress\/?page_id=137"},"modified":"2018-05-16T13:27:32","modified_gmt":"2018-05-16T13:27:32","slug":"kontakt","status":"publish","type":"page","link":"https:\/\/www.computer-service-jochmann.de\/wordpress\/?page_id=137","title":{"rendered":"Kontakt"},"content":{"rendered":"<blockquote><p>Wenn Sie auf der Suche nach einem Dienstleistungspartner sind, der\u00a0Sie vor Ort aber auch per Fernwartung kompetent und zuverl\u00e4ssig betreut, w\u00fcrden wir uns \u00fcber eine Kontaktaufnahme freuen.<\/p><\/blockquote>\n<p>Gern stellen wir unsere Leistungen in einem pers\u00f6nlichen Gespr\u00e4ch vor und erstellen Ihnen ein unverbindliches Angebot. Wir freuen uns auf Ihre Anfrage.<\/p>\n<p>Telefon:\u00a0\u00a0\u00a0 02871\/24 25 9-0<br \/>\nTelefax:\u00a0\u00a0\u00a0 02871\/24 25 9-99<\/p>\n<p>eMail:\u00a0\u00a0\u00a0\u00a0\u00a0\u00a0 \u00a0<a href=\"mailto:kontakt@computer-service-jochmann.de\">kontakt@computer-service-jochmann.de<\/a><\/p>\n<p>VCard als QR-Code <a href=\"http:\/\/www.computer-service-jochmann.de\/wordpress\/wp-content\/uploads\/2011\/03\/qrcode_vcardjochmann.png\"><img decoding=\"async\" loading=\"lazy\" class=\"size-full wp-image-251 alignnone\" title=\"qrcode_vcardjochmann\" src=\"http:\/\/www.computer-service-jochmann.de\/wordpress\/wp-content\/uploads\/2011\/03\/qrcode_vcardjochmann.png\" alt=\"\" width=\"84\" height=\"82\" \/><\/a><\/p>\n<p>&nbsp;<\/p>\n","protected":false},"excerpt":{"rendered":"<p>Wenn Sie auf der Suche nach einem Dienstleistungspartner sind, der\u00a0Sie vor Ort aber auch per Fernwartung kompetent und zuverl\u00e4ssig betreut, w\u00fcrden wir uns \u00fcber eine Kontaktaufnahme freuen. Gern stellen wir unsere Leistungen in einem pers\u00f6nlichen Gespr\u00e4ch vor und erstellen Ihnen ein unverbindliches Angebot. Wir freuen uns auf Ihre Anfrage. Telefon:\u00a0\u00a0\u00a0 02871\/24 25 9-0 Telefax:\u00a0\u00a0\u00a0 02871\/24&hellip;<\/p>\n","protected":false},"author":1,"featured_media":0,"parent":0,"menu_order":8,"comment_status":"closed","ping_status":"closed","template":"","meta":[],"_links":{"self":[{"href":"https:\/\/www.computer-service-jochmann.de\/wordpress\/index.php?rest_route=\/wp\/v2\/pages\/137"}],"collection":[{"href":"https:\/\/www.computer-service-jochmann.de\/wordpress\/index.php?rest_route=\/wp\/v2\/pages"}],"about":[{"href":"https:\/\/www.computer-service-jochmann.de\/wordpress\/index.php?rest_route=\/wp\/v2\/types\/page"}],"author":[{"embeddable":true,"href":"https:\/\/www.computer-service-jochmann.de\/wordpress\/index.php?rest_route=\/wp\/v2\/users\/1"}],"replies":[{"embeddable":true,"href":"https:\/\/www.computer-service-jochmann.de\/wordpress\/index.php?rest_route=%2Fwp%2Fv2%2Fcomments&post=137"}],"version-history":[{"count":15,"href":"https:\/\/www.computer-service-jochmann.de\/wordpress\/index.php?rest_route=\/wp\/v2\/pages\/137\/revisions"}],"predecessor-version":[{"id":276,"href":"https:\/\/www.computer-service-jochmann.de\/wordpress\/index.php?rest_route=\/wp\/v2\/pages\/137\/revisions\/276"}],"wp:attachment":[{"href":"https:\/\/www.computer-service-jochmann.de\/wordpress\/index.php?rest_route=%2Fwp%2Fv2%2Fmedia&parent=137"}],"curies":[{"name":"wp","href":"https:\/\/api.w.org\/{rel}","templated":true}]}}